{"id":406,"date":"2020-02-17T10:46:54","date_gmt":"2020-02-17T09:46:54","guid":{"rendered":"https:\/\/salons.weyou-cms.com\/europropre\/visit"},"modified":"2026-03-13T15:09:55","modified_gmt":"2026-03-13T14:09:55","slug":"visit","status":"publish","type":"page","link":"https:\/\/www.europropre.com\/en\/visit","title":{"rendered":"Visit"},"content":{"rendered":"<div class=\"wpb-content-wrapper\"><p>[vc_row][vc_column]\n\t\t\t<!-- START Banni\u00e8re pages REVOLUTION SLIDER 6.6.7 --><p class=\"rs-p-wp-fix\"><\/p>\n\t\t\t<rs-module-wrap id=\"rev_slider_2_1_wrapper\" data-source=\"post\" style=\"visibility:hidden;background:#acacac;padding:0;margin:0px auto;margin-top:0;margin-bottom:0;\">\n\t\t\t\t<rs-module id=\"rev_slider_2_1\" style=\"\" data-version=\"6.6.7\">\n\t\t\t\t\t<rs-slides style=\"overflow: hidden; position: absolute;\">\n\t\t\t\t\t\t<rs-slide style=\"position: absolute;\" data-key=\"rs-406\" data-title=\"Visit\" data-anim=\"ms:1000;r:0;\" data-in=\"o:0;\" data-out=\"a:false;\">\n\t\t\t\t\t\t\t<img decoding=\"async\" src=\"\/\/www.europropre.com\/wp-content\/plugins\/revslider\/public\/assets\/assets\/dummy.png\" alt=\"\" title=\"EM_bandeau-rubriques-1920x300_2-2020\" width=\"1920\" height=\"300\" class=\"rev-slidebg tp-rs-img rs-lazyload\" data-lazyload=\"\/\/weyoumedia.blob.core.windows.net\/europropre\/sites\/18\/2022\/10\/EM_bandeau-rubriques-1920x300_2-2020.png\" data-bg=\"p:40% 50%;\" data-no-retina>\n<!--\n\t\t\t\t\t\t\t--><rs-layer\n\t\t\t\t\t\t\t\tid=\"slider-2-slide-406-layer-1\" \n\t\t\t\t\t\t\t\tdata-type=\"text\"\n\t\t\t\t\t\t\t\tdata-color=\"#1b3e92\"\n\t\t\t\t\t\t\t\tdata-xy=\"x:l,l,l,c;y:m;\"\n\t\t\t\t\t\t\t\tdata-text=\"w:normal;s:50;l:53;fw:500;a:right,right,right,center;\"\n\t\t\t\t\t\t\t\tdata-dim=\"w:40%,50%,50%,100%;h:auto,auto,auto,47px;\"\n\t\t\t\t\t\t\t\tdata-frame_999=\"o:0;st:w;\"\n\t\t\t\t\t\t\t\tstyle=\"z-index:8;font-family:'Roboto';text-transform:uppercase;\"\n\t\t\t\t\t\t\t><h1>Visit<\/h1><p><\/p> \n\t\t\t\t\t\t\t<\/rs-layer><!--\n-->\t\t\t\t\t\t<\/rs-slide>\n\t\t\t\t\t<\/rs-slides>\n\t\t\t\t\t<rs-static-layers><!--\n\t\t\t\t\t--><\/rs-static-layers>\n\t\t\t\t<\/rs-module>\n\t\t\t\t<script>\n\t\t\t\t\tsetREVStartSize({c: 'rev_slider_2_1',rl:[1240,1024,778,480],el:[300,200,200,280],gw:[1650,1024,778,480],gh:[300,200,200,280],type:'hero',justify:'',layout:'fullwidth',mh:\"450\"});if (window.RS_MODULES!==undefined && window.RS_MODULES.modules!==undefined && window.RS_MODULES.modules[\"revslider21\"]!==undefined) {window.RS_MODULES.modules[\"revslider21\"].once = false;window.revapi2 = undefined;if (window.RS_MODULES.checkMinimal!==undefined) window.RS_MODULES.checkMinimal()}\n\t\t\t\t<\/script>\n\t\t\t<\/rs-module-wrap>\n\t\t\t<!-- END REVOLUTION SLIDER -->\n[\/vc_column][\/vc_row][vc_row][vc_column]\t<div class=\"wyvc-anchors\">\r\n\t\t\t\t\t\t<a class=\"wyvc-button wyvc-shortcode wyvc-btn-large\" href=\"#VISITEUR\">\r\n\t\t\t\t\t<span class=\"wyvc-btn-text\">VISITOR BADGE<\/span>\r\n\t\t\t\t<\/a>\r\n\t\t\t\t\t\t\t<a class=\"wyvc-button wyvc-shortcode wyvc-btn-large\" href=\"#conferences\">\r\n\t\t\t\t\t<span class=\"wyvc-btn-text\">Conferences<\/span>\r\n\t\t\t\t<\/a>\r\n\t\t\t\t\t\t\t<a class=\"wyvc-button wyvc-shortcode wyvc-btn-large\" href=\"#exposants\">\r\n\t\t\t\t\t<span class=\"wyvc-btn-text\">Exhibitors<\/span>\r\n\t\t\t\t<\/a>\r\n\t\t\t\t\t\t\t<a class=\"wyvc-button wyvc-shortcode wyvc-btn-large\" href=\"#conciergerie\">\r\n\t\t\t\t\t<span class=\"wyvc-btn-text\">Concierge<\/span>\r\n\t\t\t\t<\/a>\r\n\t\t\t\t\t\t\t<a class=\"wyvc-button wyvc-shortcode wyvc-btn-large\" href=\"#infos\">\r\n\t\t\t\t\t<span class=\"wyvc-btn-text\">Infos<\/span>\r\n\t\t\t\t<\/a>\r\n\t\t\t\t<\/div>\r\n[\/vc_column][\/vc_row][vc_section el_id=&#8221;VISITEUR&#8221;][vc_row][vc_column]<div id=\"wyvc-section-title-2941\" class=\"wyvc-section-title wyvc-shortcode wyvc-section-title-1 \">\r\n\t<div class=\"wyvc-st-inner\">\r\n\t\t\t\t\t<p class=\"wyvc-st-title\">\r\n\t\t\t\tBadge request\t\t\t<\/p>\r\n\t\t\t\t\t<\/div>\r\n<\/div>\r\n[\/vc_column][\/vc_row][vc_row][vc_column width=&#8221;1\/2&#8243;][vc_single_image image=&#8221;4057&#8243;][\/vc_column][vc_column width=&#8221;1\/2&#8243;]<div class=\"wyvc-media-text-wrapper img-txt-btn\">\r\n\t<div class=\"wyvc-media-text wyvc-shortcode\">\r\n\t\t<div class=\"wyvc-section-title wyvc-shortcode wyvc-section-title-2\">\r\n\t<div class=\"wyvc-st-inner\">\r\n\t\t<p class=\"wyvc-st-title\">\r\n\t\t\tASK FOR YOUR FREE BADGE \r\n\t\t<\/p>\r\n\t<\/div>\r\n<\/div>\r\n\t<div class=\"wyvc-text\"><p style=\"text-align: center\"><strong>DATES<\/strong><br \/>\n<strong>NEXT EDITION SPRING 2027 \u2013 Pavilion 1<\/strong><\/p>\n<\/div> \r\n<div class=\"wyvc-button-wrapper wyvc-btn-center\">\r\n\t<a class=\"wyvc-button wyvc-shortcode\" href=\"http:\/\/demande-badge.europropre.com\/si\" target=\"_blank\">\r\n\t\t<span class=\"wyvc-btn-text\">BADGE VISITOR<\/span>\r\n\t<\/a>\r\n<\/div>\r\n\t<\/div>\r\n<\/div>[\/vc_column][\/vc_row][\/vc_section][vc_section el_id=&#8221;conferences&#8221;][vc_row][vc_column]<div id=\"wyvc-section-title-9893\" class=\"wyvc-section-title wyvc-shortcode wyvc-section-title-1 \">\r\n\t<div class=\"wyvc-st-inner\">\r\n\t\t\t\t\t<p class=\"wyvc-st-title\">\r\n\t\t\t\tConferences\t\t\t<\/p>\r\n\t\t\t\t\t<\/div>\r\n<\/div>\r\n[\/vc_column][\/vc_row][vc_row content_placement=&#8221;middle&#8221;][vc_column width=&#8221;1\/2&#8243;][vc_column_text]<\/p>\n<p style=\"text-align: center\">Organised under the aegis of the F\u00e9d\u00e9ration des Entreprises de Propret\u00e9, the conferences provide an opportunity to discuss issues related to professional cleaning with recognised professionals. A rich programme consisting of several plenary sessions and debates to understand current and future developments.<\/p>\n<p>[\/vc_column_text]<div class=\"wyvc-button-wrapper wyvc-btn-center\">\r\n\t<a class=\"wyvc-button wyvc-shortcode \" href=\"https:\/\/www.europropre.com\/en\/program\" title=\"conf\u00e9rences\">\r\n\t\t<span class=\"wyvc-btn-text\">Program 2025<\/span>\r\n\t<\/a>\r\n<\/div>[\/vc_column][vc_column width=&#8221;1\/2&#8243;][vc_single_image image=&#8221;2366&#8243; img_size=&#8221;full&#8221;][\/vc_column][\/vc_row][\/vc_section][vc_section el_id=&#8221;exposants&#8221;][vc_row][vc_column]<div id=\"wyvc-section-title-3106\" class=\"wyvc-section-title wyvc-shortcode wyvc-section-title-1 \">\r\n\t<div class=\"wyvc-st-inner\">\r\n\t\t\t\t\t<p class=\"wyvc-st-title\">\r\n\t\t\t\tThe exhibitors\t\t\t<\/p>\r\n\t\t\t\t\t<\/div>\r\n<\/div>\r\n[\/vc_column][\/vc_row][vc_row content_placement=&#8221;middle&#8221;][vc_column width=&#8221;1\/2&#8243;][vc_single_image image=&#8221;2335&#8243;][\/vc_column][vc_column width=&#8221;1\/2&#8243;][vc_column_text]<\/p>\n<p style=\"text-align: center\">HYGIENE, CLEANLINESS AND MULTISERVICE FOR COMPANIES AND COMMUNITIES<\/p>\n<p>[\/vc_column_text]<div class=\"wyvc-button-wrapper wyvc-btn-center\">\r\n\t<a class=\"wyvc-button wyvc-shortcode \" href=\"https:\/\/www.europropre.com\/en\/exhibitors\" title=\"Exposants\">\r\n\t\t<span class=\"wyvc-btn-text\">EXHIBITORS &amp; PARTNERS 2025<\/span>\r\n\t<\/a>\r\n<\/div>[\/vc_column][\/vc_row][\/vc_section][vc_section el_id=&#8221;conciergerie&#8221;][vc_row][vc_column]<div id=\"wyvc-section-title-5759\" class=\"wyvc-section-title wyvc-shortcode wyvc-section-title-1 \">\r\n\t<div class=\"wyvc-st-inner\">\r\n\t\t\t\t\t<p class=\"wyvc-st-title\">\r\n\t\t\t\tConcierge Service\t\t\t<\/p>\r\n\t\t\t\t\t<\/div>\r\n<\/div>\r\n[vc_column_text]Europropre is pleased to offer your Concierge Service free of charge. Optimize your time and concentrate on your living room.<\/p>\n<p>Meet your concierge &amp; hunter at the general police station or contact them directly at<br \/>\n01.86.21.68.56 and\/or by email at the following address: concierge@weyou-group.com[\/vc_column_text][\/vc_column][\/vc_row][vc_row equal_height=&#8221;yes&#8221; content_placement=&#8221;middle&#8221;][vc_column width=&#8221;1\/2&#8243;]<div class=\"wyvc-icon-list wyvc-shortcode \">\r\n\t<div class=\"wyvc-il-item \">\r\n\t<div class=\"wyvc-ili-inner\">\r\n\t\t<span class=\"wyvc-ili-icon-wrapper\">\r\n\t<span class=\"wyvc-ili-icon\"><\/span>\r\n<\/span>\r\n\t\t\t\t\t<span class=\"wyvc-ili-text\">Advice and reservations for restaurants or hotels<\/span>\r\n\t\t<\/div>\r\n<\/div>\r\n<div class=\"wyvc-il-item \">\r\n\t<div class=\"wyvc-ili-inner\">\r\n\t\t<span class=\"wyvc-ili-icon-wrapper\">\r\n\t<span class=\"wyvc-ili-icon\"><\/span>\r\n<\/span>\r\n\t\t\t\t\t<span class=\"wyvc-ili-text\">Advice and organisation of customer evenings<\/span>\r\n\t\t<\/div>\r\n<\/div>\r\n<div class=\"wyvc-il-item \">\r\n\t<div class=\"wyvc-ili-inner\">\r\n\t\t<span class=\"wyvc-ili-icon-wrapper\">\r\n\t<span class=\"wyvc-ili-icon\"><\/span>\r\n<\/span>\r\n\t\t\t\t\t<span class=\"wyvc-ili-text\">Changes and reservations for transport tickets<\/span>\r\n\t\t<\/div>\r\n<\/div>\r\n<div class=\"wyvc-il-item \">\r\n\t<div class=\"wyvc-ili-inner\">\r\n\t\t<span class=\"wyvc-ili-icon-wrapper\">\r\n\t<span class=\"wyvc-ili-icon\"><\/span>\r\n<\/span>\r\n\t\t\t\t\t<span class=\"wyvc-ili-text\">Reservation of taxis, cars with driver<\/span>\r\n\t\t<\/div>\r\n<\/div>\r\n<div class=\"wyvc-il-item \">\r\n\t<div class=\"wyvc-ili-inner\">\r\n\t\t<span class=\"wyvc-ili-icon-wrapper\">\r\n\t<span class=\"wyvc-ili-icon\"><\/span>\r\n<\/span>\r\n\t\t\t\t\t<span class=\"wyvc-ili-text\">DHL, Fedex, UPS, Courier...<\/span>\r\n\t\t<\/div>\r\n<\/div>\r\n<div class=\"wyvc-il-item \">\r\n\t<div class=\"wyvc-ili-inner\">\r\n\t\t<span class=\"wyvc-ili-icon-wrapper\">\r\n\t<span class=\"wyvc-ili-icon\"><\/span>\r\n<\/span>\r\n\t\t\t\t\t<span class=\"wyvc-ili-text\">Orders and stand deliveries of flowers\/gifts\/meals, urgent or last minute purchases<\/span>\r\n\t\t<\/div>\r\n<\/div>\r\n<div class=\"wyvc-il-item \">\r\n\t<div class=\"wyvc-ili-inner\">\r\n\t\t<span class=\"wyvc-ili-icon-wrapper\">\r\n\t<span class=\"wyvc-ili-icon\"><\/span>\r\n<\/span>\r\n\t\t\t\t\t<span class=\"wyvc-ili-text\">Dry cleaning service, stand pick-up and delivery<\/span>\r\n\t\t<\/div>\r\n<\/div>\r\n<div class=\"wyvc-il-item \">\r\n\t<div class=\"wyvc-ili-inner\">\r\n\t\t<span class=\"wyvc-ili-icon-wrapper\">\r\n\t<span class=\"wyvc-ili-icon\"><\/span>\r\n<\/span>\r\n\t\t\t\t\t<span class=\"wyvc-ili-text\">....<\/span>\r\n\t\t<\/div>\r\n<\/div>\r\n<\/div>\r\n[\/vc_column][vc_column width=&#8221;1\/2&#8243;][vc_single_image image=&#8221;418&#8243;][\/vc_column][\/vc_row][\/vc_section][vc_section el_id=&#8221;infos&#8221;][vc_row][vc_column]<div id=\"wyvc-section-title-7298\" class=\"wyvc-section-title wyvc-shortcode wyvc-section-title-1 \">\r\n\t<div class=\"wyvc-st-inner\">\r\n\t\t\t\t\t<p class=\"wyvc-st-title\">\r\n\t\t\t\tPractical information\t\t\t<\/p>\r\n\t\t\t\t\t<\/div>\r\n<\/div>\r\n[\/vc_column][\/vc_row][vc_row][vc_column width=&#8221;5\/12&#8243;][vc_column_text css=&#8221;&#8221;]<\/p>\n<p style=\"font-size: 22px;font-weight: bold;margin-bottom: 10px\">DATES &amp; TIMES 2027<\/p>\n<p><em><strong>Tuesday 16 March 2027<\/strong><\/em> 09:00 \u2013 18:00<br \/>\n<em><strong>Wednesday 17 March 2027<\/strong><\/em> 09:00 \u2013 18:00<br \/>\n<em><strong>Thursday 18 March 2027<\/strong><\/em> 09:00 \u2013 17:00<\/p>\n<hr \/>\n<p style=\"font-size: 22px;font-weight: bold;margin-bottom: 10px\">VENUE<\/p>\n<p>Parc des Expositions de la Porte de Versailles<br \/>\n2, place de la Porte de Versailles, 75015 Paris<br \/>\n<strong>Hall 1<\/strong>[\/vc_column_text]<div class=\"wyvc-button-wrapper wyvc-btn-center\">\r\n\t<a class=\"wyvc-button wyvc-shortcode \" href=\"https:\/\/www.europropre.com\/en\/practical-informations\" title=\"Infos pratiques\">\r\n\t\t<span class=\"wyvc-btn-text\">LEARN MORE<\/span>\r\n\t<\/a>\r\n<\/div>[\/vc_column][vc_column width=&#8221;7\/12&#8243;][vc_gmaps link=&#8221;#E-8_JTNDaWZyYW1lJTIwc3JjJTNEJTIyaHR0cHMlM0ElMkYlMkZ3d3cuZ29vZ2xlLmNvbSUyRm1hcHMlMkZlbWJlZCUzRnBiJTNEJTIxMW0xOCUyMTFtMTIlMjExbTMlMjExZDI2MjYuMzQ4ODAzMjkzNzkyJTIxMmQyLjI4NTk1Mzg0MzE5MTU4NSUyMTNkNDguODMyNDg1MTEyOTI2MiUyMTJtMyUyMTFmMCUyMTJmMCUyMTNmMCUyMTNtMiUyMTFpMTAyNCUyMTJpNzY4JTIxNGYxMy4xJTIxM20zJTIxMW0yJTIxMXMweDQ3ZTY3MDZlMGYzY2ZiZmIlMjUzQTB4Yzg2MTk5ZWE2ZDAzOTgzMyUyMTJzUGF2aWxsb24lMjUyMDElMjE1ZTAlMjEzbTIlMjExc2ZyJTIxMnNmciUyMTR2MTU3MTk5MjY4NjcyNyUyMTVtMiUyMTFzZnIlMjEyc2ZyJTIyJTIwd2lkdGglM0QlMjIxMDAlMjUlMjIlMjBoZWlnaHQlM0QlMjI0NTAlMjIlMjBmcmFtZWJvcmRlciUzRCUyMjAlMjIlMjBzdHlsZSUzRCUyMmJvcmRlciUzQTAlMjIlMjBhbGxvd2Z1bGxzY3JlZW4lM0UlM0MlMkZpZnJhbWUlM0U=&#8221;][\/vc_column][\/vc_row][\/vc_section]<\/p>\n<\/div>","protected":false},"excerpt":{"rendered":"<p>[vc_row][vc_column][\/vc_column][\/vc_row][vc_row][vc_column][\/vc_column][\/vc_row][vc_section el_id=&#8221;VISITEUR&#8221;][vc_row][vc_column][\/vc_column][\/vc_row][vc_row][vc_column width=&#8221;1\/2&#8243;][vc_single_image image=&#8221;4057&#8243;][\/vc_column][vc_column width=&#8221;1\/2&#8243;][\/vc_column][\/vc_row][\/vc_section][vc_section el_id=&#8221;conferences&#8221;][vc_row][vc_column][\/vc_column][\/vc_row][vc_row content_placement=&#8221;middle&#8221;][vc_column width=&#8221;1\/2&#8243;][vc_column_text] Organised under the aegis of the F\u00e9d\u00e9ration des Entreprises de Propret\u00e9, the conferences provide an opportunity to discuss issues related to professional cleaning with recognised professionals. A rich programme consisting of several plenary sessions and debates to understand current and future developments. [\/vc_column_text][\/vc_column][vc_column width=&#8221;1\/2&#8243;][vc_single_image image=&#8221;2366&#8243; img_size=&#8221;full&#8221;][\/vc_column][\/vc_row][\/vc_section][vc_section el_id=&#8221;exposants&#8221;][vc_row][vc_column][\/vc_column][\/vc_row][vc_row [&hellip;]<\/p>\n","protected":false},"author":1,"featured_media":0,"parent":0,"menu_order":2,"comment_status":"closed","ping_status":"closed","template":"","meta":{"footnotes":""},"class_list":["post-406","page","type-page","status-publish","hentry"],"yoast_head":"<!-- This site is optimized with the Yoast SEO plugin v26.9 - https:\/\/yoast.com\/product\/yoast-seo-wordpress\/ -->\n<title>Visit - Europropre : le salon professionnel des solutions hygi\u00e8ne et propret\u00e9<\/title>\n<meta name=\"robots\" content=\"index, follow, max-snippet:-1, max-image-preview:large, max-video-preview:-1\" \/>\n<link rel=\"canonical\" href=\"https:\/\/www.europropre.com\/en\/visit\" \/>\n<meta property=\"og:locale\" content=\"en_US\" \/>\n<meta property=\"og:type\" content=\"article\" \/>\n<meta property=\"og:title\" content=\"Visit - Europropre : le salon professionnel des solutions hygi\u00e8ne et propret\u00e9\" \/>\n<meta property=\"og:description\" content=\"[vc_row][vc_column][\/vc_column][\/vc_row][vc_row][vc_column][\/vc_column][\/vc_row][vc_section el_id=&#8221;VISITEUR&#8221;][vc_row][vc_column][\/vc_column][\/vc_row][vc_row][vc_column width=&#8221;1\/2&#8243;][vc_single_image image=&#8221;4057&#8243;][\/vc_column][vc_column width=&#8221;1\/2&#8243;][\/vc_column][\/vc_row][\/vc_section][vc_section el_id=&#8221;conferences&#8221;][vc_row][vc_column][\/vc_column][\/vc_row][vc_row content_placement=&#8221;middle&#8221;][vc_column width=&#8221;1\/2&#8243;][vc_column_text] Organised under the aegis of the F\u00e9d\u00e9ration des Entreprises de Propret\u00e9, the conferences provide an opportunity to discuss issues related to professional cleaning with recognised professionals. A rich programme consisting of several plenary sessions and debates to understand current and future developments. [\/vc_column_text][\/vc_column][vc_column width=&#8221;1\/2&#8243;][vc_single_image image=&#8221;2366&#8243; img_size=&#8221;full&#8221;][\/vc_column][\/vc_row][\/vc_section][vc_section el_id=&#8221;exposants&#8221;][vc_row][vc_column][\/vc_column][\/vc_row][vc_row [&hellip;]\" \/>\n<meta property=\"og:url\" content=\"https:\/\/www.europropre.com\/en\/visit\" \/>\n<meta property=\"og:site_name\" content=\"Europropre : le salon professionnel des solutions hygi\u00e8ne et propret\u00e9\" \/>\n<meta property=\"article:publisher\" content=\"https:\/\/www.facebook.com\/europropre\/\" \/>\n<meta property=\"article:modified_time\" content=\"2026-03-13T14:09:55+00:00\" \/>\n<meta name=\"twitter:card\" content=\"summary_large_image\" \/>\n<meta name=\"twitter:site\" content=\"@europropre\" \/>\n<meta name=\"twitter:label1\" content=\"Est. reading time\" \/>\n\t<meta name=\"twitter:data1\" content=\"3 minutes\" \/>\n<script type=\"application\/ld+json\" class=\"yoast-schema-graph\">{\"@context\":\"https:\/\/schema.org\",\"@graph\":[{\"@type\":\"WebPage\",\"@id\":\"https:\/\/www.europropre.com\/en\/visit\",\"url\":\"https:\/\/www.europropre.com\/en\/visit\",\"name\":\"Visit - Europropre : le salon professionnel des solutions hygi\u00e8ne et propret\u00e9\",\"isPartOf\":{\"@id\":\"https:\/\/www.europropre.com\/en#website\"},\"datePublished\":\"2020-02-17T09:46:54+00:00\",\"dateModified\":\"2026-03-13T14:09:55+00:00\",\"breadcrumb\":{\"@id\":\"https:\/\/www.europropre.com\/en\/visit#breadcrumb\"},\"inLanguage\":\"en-US\",\"potentialAction\":[{\"@type\":\"ReadAction\",\"target\":[\"https:\/\/www.europropre.com\/en\/visit\"]}]},{\"@type\":\"BreadcrumbList\",\"@id\":\"https:\/\/www.europropre.com\/en\/visit#breadcrumb\",\"itemListElement\":[{\"@type\":\"ListItem\",\"position\":1,\"name\":\"Home\",\"item\":\"https:\/\/salons.weyou-cms.com\/europropre\/en\"},{\"@type\":\"ListItem\",\"position\":2,\"name\":\"Visit\"}]},{\"@type\":\"WebSite\",\"@id\":\"https:\/\/www.europropre.com\/en#website\",\"url\":\"https:\/\/www.europropre.com\/en\",\"name\":\"Europropre : le salon professionnel des solutions hygi\u00e8ne et propret\u00e9\",\"description\":\"\",\"publisher\":{\"@id\":\"https:\/\/www.europropre.com\/en#organization\"},\"potentialAction\":[{\"@type\":\"SearchAction\",\"target\":{\"@type\":\"EntryPoint\",\"urlTemplate\":\"https:\/\/www.europropre.com\/en?s={search_term_string}\"},\"query-input\":{\"@type\":\"PropertyValueSpecification\",\"valueRequired\":true,\"valueName\":\"search_term_string\"}}],\"inLanguage\":\"en-US\"},{\"@type\":\"Organization\",\"@id\":\"https:\/\/www.europropre.com\/en#organization\",\"name\":\"Europropre\",\"url\":\"https:\/\/www.europropre.com\/en\",\"logo\":{\"@type\":\"ImageObject\",\"inLanguage\":\"en-US\",\"@id\":\"https:\/\/www.europropre.com\/en#\/schema\/logo\/image\/\",\"url\":\"https:\/\/weyoumedia.blob.core.windows.net\/europropre\/sites\/18\/2026\/02\/europropre_site-logo.png\",\"contentUrl\":\"https:\/\/weyoumedia.blob.core.windows.net\/europropre\/sites\/18\/2026\/02\/europropre_site-logo.png\",\"width\":230,\"height\":130,\"caption\":\"Europropre\"},\"image\":{\"@id\":\"https:\/\/www.europropre.com\/en#\/schema\/logo\/image\/\"},\"sameAs\":[\"https:\/\/www.facebook.com\/europropre\/\",\"https:\/\/x.com\/europropre\",\"https:\/\/www.linkedin.com\/company\/europropre\/\",\"https:\/\/www.youtube.com\/channel\/UC26vS5fiqy2nHBAwlkp2aOw\"]}]}<\/script>\n<!-- \/ Yoast SEO plugin. -->","yoast_head_json":{"title":"Visit - Europropre : le salon professionnel des solutions hygi\u00e8ne et propret\u00e9","robots":{"index":"index","follow":"follow","max-snippet":"max-snippet:-1","max-image-preview":"max-image-preview:large","max-video-preview":"max-video-preview:-1"},"canonical":"https:\/\/www.europropre.com\/en\/visit","og_locale":"en_US","og_type":"article","og_title":"Visit - Europropre : le salon professionnel des solutions hygi\u00e8ne et propret\u00e9","og_description":"[vc_row][vc_column][\/vc_column][\/vc_row][vc_row][vc_column][\/vc_column][\/vc_row][vc_section el_id=&#8221;VISITEUR&#8221;][vc_row][vc_column][\/vc_column][\/vc_row][vc_row][vc_column width=&#8221;1\/2&#8243;][vc_single_image image=&#8221;4057&#8243;][\/vc_column][vc_column width=&#8221;1\/2&#8243;][\/vc_column][\/vc_row][\/vc_section][vc_section el_id=&#8221;conferences&#8221;][vc_row][vc_column][\/vc_column][\/vc_row][vc_row content_placement=&#8221;middle&#8221;][vc_column width=&#8221;1\/2&#8243;][vc_column_text] Organised under the aegis of the F\u00e9d\u00e9ration des Entreprises de Propret\u00e9, the conferences provide an opportunity to discuss issues related to professional cleaning with recognised professionals. A rich programme consisting of several plenary sessions and debates to understand current and future developments. [\/vc_column_text][\/vc_column][vc_column width=&#8221;1\/2&#8243;][vc_single_image image=&#8221;2366&#8243; img_size=&#8221;full&#8221;][\/vc_column][\/vc_row][\/vc_section][vc_section el_id=&#8221;exposants&#8221;][vc_row][vc_column][\/vc_column][\/vc_row][vc_row [&hellip;]","og_url":"https:\/\/www.europropre.com\/en\/visit","og_site_name":"Europropre : le salon professionnel des solutions hygi\u00e8ne et propret\u00e9","article_publisher":"https:\/\/www.facebook.com\/europropre\/","article_modified_time":"2026-03-13T14:09:55+00:00","twitter_card":"summary_large_image","twitter_site":"@europropre","twitter_misc":{"Est. reading time":"3 minutes"},"schema":{"@context":"https:\/\/schema.org","@graph":[{"@type":"WebPage","@id":"https:\/\/www.europropre.com\/en\/visit","url":"https:\/\/www.europropre.com\/en\/visit","name":"Visit - Europropre : le salon professionnel des solutions hygi\u00e8ne et propret\u00e9","isPartOf":{"@id":"https:\/\/www.europropre.com\/en#website"},"datePublished":"2020-02-17T09:46:54+00:00","dateModified":"2026-03-13T14:09:55+00:00","breadcrumb":{"@id":"https:\/\/www.europropre.com\/en\/visit#breadcrumb"},"inLanguage":"en-US","potentialAction":[{"@type":"ReadAction","target":["https:\/\/www.europropre.com\/en\/visit"]}]},{"@type":"BreadcrumbList","@id":"https:\/\/www.europropre.com\/en\/visit#breadcrumb","itemListElement":[{"@type":"ListItem","position":1,"name":"Home","item":"https:\/\/salons.weyou-cms.com\/europropre\/en"},{"@type":"ListItem","position":2,"name":"Visit"}]},{"@type":"WebSite","@id":"https:\/\/www.europropre.com\/en#website","url":"https:\/\/www.europropre.com\/en","name":"Europropre : le salon professionnel des solutions hygi\u00e8ne et propret\u00e9","description":"","publisher":{"@id":"https:\/\/www.europropre.com\/en#organization"},"potentialAction":[{"@type":"SearchAction","target":{"@type":"EntryPoint","urlTemplate":"https:\/\/www.europropre.com\/en?s={search_term_string}"},"query-input":{"@type":"PropertyValueSpecification","valueRequired":true,"valueName":"search_term_string"}}],"inLanguage":"en-US"},{"@type":"Organization","@id":"https:\/\/www.europropre.com\/en#organization","name":"Europropre","url":"https:\/\/www.europropre.com\/en","logo":{"@type":"ImageObject","inLanguage":"en-US","@id":"https:\/\/www.europropre.com\/en#\/schema\/logo\/image\/","url":"https:\/\/weyoumedia.blob.core.windows.net\/europropre\/sites\/18\/2026\/02\/europropre_site-logo.png","contentUrl":"https:\/\/weyoumedia.blob.core.windows.net\/europropre\/sites\/18\/2026\/02\/europropre_site-logo.png","width":230,"height":130,"caption":"Europropre"},"image":{"@id":"https:\/\/www.europropre.com\/en#\/schema\/logo\/image\/"},"sameAs":["https:\/\/www.facebook.com\/europropre\/","https:\/\/x.com\/europropre","https:\/\/www.linkedin.com\/company\/europropre\/","https:\/\/www.youtube.com\/channel\/UC26vS5fiqy2nHBAwlkp2aOw"]}]}},"_links":{"self":[{"href":"https:\/\/www.europropre.com\/en\/wp-json\/wp\/v2\/pages\/406","targetHints":{"allow":["GET"]}}],"collection":[{"href":"https:\/\/www.europropre.com\/en\/wp-json\/wp\/v2\/pages"}],"about":[{"href":"https:\/\/www.europropre.com\/en\/wp-json\/wp\/v2\/types\/page"}],"author":[{"embeddable":true,"href":"https:\/\/www.europropre.com\/en\/wp-json\/wp\/v2\/users\/1"}],"replies":[{"embeddable":true,"href":"https:\/\/www.europropre.com\/en\/wp-json\/wp\/v2\/comments?post=406"}],"version-history":[{"count":32,"href":"https:\/\/www.europropre.com\/en\/wp-json\/wp\/v2\/pages\/406\/revisions"}],"predecessor-version":[{"id":4802,"href":"https:\/\/www.europropre.com\/en\/wp-json\/wp\/v2\/pages\/406\/revisions\/4802"}],"wp:attachment":[{"href":"https:\/\/www.europropre.com\/en\/wp-json\/wp\/v2\/media?parent=406"}],"curies":[{"name":"wp","href":"https:\/\/api.w.org\/{rel}","templated":true}]}}